{"id":2500,"date":"2024-06-13T09:53:12","date_gmt":"2024-06-13T09:53:12","guid":{"rendered":"https:\/\/beta.burgerranch.com\/franchising\/"},"modified":"2025-02-06T15:02:39","modified_gmt":"2025-02-06T15:02:39","slug":"franchising","status":"publish","type":"page","link":"https:\/\/mail.burgerranch.com\/en\/franchising\/","title":{"rendered":"Franchising"},"content":{"rendered":"<section     class=\"hero-franchise relative w-full h-[60vh] flex justify-start items-end bg-fixed bg-cover bg-center\">\n\n    <!-- Verifica\u00e7\u00e3o se h\u00e1 um v\u00eddeo de fundo -->\n        <video class=\"absolute inset-0 w-full h-full object-cover\" autoplay muted loop playsinline aria-hidden=\"true\">\n        <source src=\"https:\/\/mail.burgerranch.com\/wp-content\/uploads\/2024\/09\/4612894-American-Fast-Food-3840X2160.mp4\" type=\"video\/mp4\">\n        Seu navegador n\u00e3o suporta o elemento de v\u00eddeo.\n    <\/video>\n    \n    <div class=\"absolute inset-0 bg-black opacity-60\"><\/div>\n\n    <div class=\"relative z-10 mb-[5rem] jos flex flex-col justify-center items-center h-full text-center m-auto\" data-jos_animation=\"fade-up\">\n        <header class=\"container-default max-w-3xl mx-auto relative z-10\">\n                        <h1 class=\"hero-franchise__title\">\n                Join our <mark class=\"highlight-text\">team<\/mark><\/h1>\n                                    <p class=\"hero-franchise__text\">Transform your future with a business model adapted to market trends.<\/p>\n                    <\/header>\n    <\/div>\n<\/section>\n\n<section     class=\"grid-franchise bg-gray-200 text-white font-sans py-16 px-6 md:px-4 lg:px-12\">\n    <div class=\"max-w-screen-xl grid grid-cols-1 md:grid-cols-3 lg:grid-cols-4 gap-[30px] mx-auto\">\n                \n        <!-- Bloco Din\u00e2mico -->\n        <div\n            class=\"group relative grid-franchise-1 rounded-3xl shadow-lg overflow-hidden transform hover:scale-105 transition duration-300 grid-franchise__item\">\n\n                        <!-- Imagem de Fundo -->\n            <div class=\"absolute inset-0 bg-cover bg-center opacity-20 group-hover:opacity-40 transition duration-300\"\n                style=\"background-image: url('https:\/\/mail.burgerranch.com\/wp-content\/uploads\/2024\/07\/Burger-Ranch-Tavira-I.jpeg');\"><\/div>\n            \n            <div class=\"relative z-10 p-8 text-center flex flex-col justify-center items-center\">\n                                <h2 class=\"text-3xl font-bold mb-4\">Why choose us?<\/h2>\n                \n                                <p class=\"text-base text-gray-200 mb-6 max-w-md\">Find out more about the differentials and quality that make Burger Ranch a unique choice.<\/p>\n                \n                                <a href=\"https:\/\/www.burgerranch.com\/en\/franchising\/why-burger-ranch\/\" class=\"btn btn-primary mt-4\" target=\"_blank\" rel=\"noopener\">Know the benefits<\/a>\n                \n                            <\/div>\n        <\/div>\n\n        \n        <!-- Bloco Din\u00e2mico -->\n        <div\n            class=\"group relative grid-franchise-2 rounded-3xl shadow-lg overflow-hidden transform hover:scale-105 transition duration-300 grid-franchise__item\">\n\n                        <!-- V\u00eddeo de Fundo -->\n            <video class=\"absolute inset-0 w-full h-full object-cover\" autoplay muted loop aria-hidden=\"true\">\n                <source src=\"https:\/\/mail.burgerranch.com\/wp-content\/uploads\/2025\/02\/burger-video-franchising-1.mp4\" type=\"video\/mp4\">\n                Seu navegador n\u00e3o suporta a tag de v\u00eddeo.\n            <\/video>\n            \n            <div class=\"relative z-10 p-8 text-center flex flex-col justify-center items-center\">\n                \n                \n                \n                            <\/div>\n        <\/div>\n\n        \n        <!-- Bloco Din\u00e2mico -->\n        <div\n            class=\"group relative grid-franchise-3 rounded-3xl shadow-lg overflow-hidden transform hover:scale-105 transition duration-300 grid-franchise__item\">\n\n            \n            <div class=\"relative z-10 p-8 text-center flex flex-col justify-center items-center\">\n                                <h2 class=\"text-3xl font-bold mb-4\">Our Menu<\/h2>\n                \n                                <p class=\"text-base text-gray-200 mb-6 max-w-md\">Discover our menu<\/p>\n                \n                                <a href=\"https:\/\/www.burgerranch.com\/en\/menu\/\" class=\"btn btn-primary mt-4\" target=\"_blank\" rel=\"noopener\">See menu<\/a>\n                \n                            <\/div>\n        <\/div>\n\n        \n        <!-- Bloco Din\u00e2mico -->\n        <div\n            class=\"group relative grid-franchise-5 rounded-3xl shadow-lg overflow-hidden transform hover:scale-105 transition duration-300 grid-franchise__item\">\n\n                        <!-- Imagem de Fundo -->\n            <div class=\"absolute inset-0 bg-cover bg-center opacity-20 group-hover:opacity-40 transition duration-300\"\n                style=\"background-image: url('https:\/\/mail.burgerranch.com\/wp-content\/uploads\/2024\/07\/logo-vidro-na-loja.jpg');\"><\/div>\n            \n            <div class=\"relative z-10 p-8 text-center flex flex-col justify-center items-center\">\n                                <h2 class=\"text-3xl font-bold mb-4\">Our History<\/h2>\n                \n                \n                                <a href=\"https:\/\/www.burgerranch.com\/en\/about\/\" class=\"btn btn-primary mt-4\" target=\"_blank\" rel=\"noopener\">Learn More<\/a>\n                \n                            <\/div>\n        <\/div>\n\n        \n        <!-- Bloco Din\u00e2mico -->\n        <div\n            class=\"group relative grid-franchise-6 rounded-3xl shadow-lg overflow-hidden transform hover:scale-105 transition duration-300 grid-franchise__item\">\n\n            \n            <div class=\"relative z-10 p-8 text-center flex flex-col justify-center items-center\">\n                                <h2 class=\"text-3xl font-bold mb-4\">I want to be a franchisee<\/h2>\n                \n                \n                                <a href=\"https:\/\/www.burgerranch.com\/en\/franchising\/franchise-application\/\" class=\"btn btn-primary mt-4\" target=\"_blank\" rel=\"noopener\">I want to apply<\/a>\n                \n                            <\/div>\n        <\/div>\n\n                    <\/div>\n<\/section>\n<!-- Bot\u00e3o CTA para abrir o popup -->\n<section class=\"cta-popup\">\n    <button class=\"cta-popup__container\" onclick=\"openPopup()\">\n        <span class=\"cta-popup__button\">\n            <img decoding=\"async\" src=\"https:\/\/mail.burgerranch.com\/wp-content\/themes\/burgerranch\/assets\/images\/icons\/question-icon.svg\"\n                alt=\"\u00cdcone do bot\u00e3o\">\n            <svg viewBox=\"0 0 200 200\" class=\"cta-popup__svg\">\n                <defs>\n                    <path id=\"circlePath\" d=\"M 100, 100 m -75, 0 a 75,75 0 1,1 150,0 a 75,75 0 1,1 -150,0\" \/>\n                <\/defs>\n                <text fill=\"#fff\" font-size=\"20\">\n                    <textPath href=\"#circlePath\" startOffset=\"0%\">\n                        D\u00favidas? \u2022 Quest\u00f5es? \u2022 Entre em contacto \u2022\n                    <\/textPath>\n                <\/text>\n            <\/svg>\n        <\/span>\n    <\/button>\n<\/section>\n<!-- Estrutura do Popup -->\n<div id=\"popup1\" class=\"popup\" style=\"overflow: scroll;\">\n    <div class=\"popup__content bg-slate-100\">\n\t\t<button class=\"popup__close\" \n        onclick=\"closePopup()\" \n        onkeydown=\"handleCloseKeydown(event)\"\n        aria-label=\"Fechar popup\">\n    &times;\n       <\/button>\n        \n<div class=\"wpcf7 no-js\" id=\"wpcf7-f2169-o1\" lang=\"pt-PT\" dir=\"ltr\" data-wpcf7-id=\"2169\">\n<div class=\"screen-reader-response\"><p role=\"status\" aria-live=\"polite\" aria-atomic=\"true\"><\/p> <ul><\/ul><\/div>\n<form action=\"\/en\/wp-json\/wp\/v2\/pages\/2500#wpcf7-f2169-o1\" method=\"post\" class=\"wpcf7-form init\" aria-label=\"Formul\u00e1rio de contacto\" novalidate=\"novalidate\" data-status=\"init\">\n<fieldset class=\"hidden-fields-container\"><input type=\"hidden\" name=\"_wpcf7\" value=\"2169\" \/><input type=\"hidden\" name=\"_wpcf7_version\" value=\"6.1.4\" \/><input type=\"hidden\" name=\"_wpcf7_locale\" value=\"pt_PT\" \/><input type=\"hidden\" name=\"_wpcf7_unit_tag\" value=\"wpcf7-f2169-o1\" \/><input type=\"hidden\" name=\"_wpcf7_container_post\" value=\"0\" \/><input type=\"hidden\" name=\"_wpcf7_posted_data_hash\" value=\"\" \/>\n<\/fieldset>\n<style>.popup__content{margin: 1.5rem auto;}<\/style>\n<div class=\"form-section__wrapper\">\n<div class=\"input-group\">             \n<label for=\"nome\" class=\"form-section__label\">Nome<\/label>\n<span class=\"wpcf7-form-control-wrap\" data-name=\"nome\"><input size=\"40\" maxlength=\"400\" class=\"wpcf7-form-control wpcf7-text wpcf7-validates-as-required form-input\" id=\"nome\" aria-required=\"true\" aria-invalid=\"false\" placeholder=\"\" value=\"\" type=\"text\" name=\"nome\" \/><\/span>\n<\/div>\n<div class=\"input-group\">             \n<label for=\"email\" class=\"form-section__label\">Email<\/label>\n<span class=\"wpcf7-form-control-wrap\" data-name=\"email\"><input size=\"40\" maxlength=\"400\" class=\"wpcf7-form-control wpcf7-email wpcf7-validates-as-required wpcf7-text wpcf7-validates-as-email form-input\" id=\"email\" aria-required=\"true\" aria-invalid=\"false\" value=\"\" type=\"email\" name=\"email\" \/><\/span>\n<\/div>\n<div class=\"input-group\">             \n<label for=\"telefone\" class=\"form-section__label\">Telefone<\/label>\n <span class=\"wpcf7-form-control-wrap\" data-name=\"telefone\"><input size=\"40\" maxlength=\"400\" class=\"wpcf7-form-control wpcf7-tel wpcf7-validates-as-required wpcf7-text wpcf7-validates-as-tel form-input\" id=\"telefone\" aria-required=\"true\" aria-invalid=\"false\" value=\"\" type=\"tel\" name=\"telefone\" \/><\/span> \n<\/div>\n<div class=\"input-group\">  \n<label for=\"investimento\" class=\"form-section__label\">Montante dispon\u00edvel para investimento (\u20ac)<\/label>\n<span class=\"wpcf7-form-control-wrap\" data-name=\"investimento\"><select class=\"wpcf7-form-control wpcf7-select wpcf7-validates-as-required form-input\" id=\"investimento\" aria-required=\"true\" aria-invalid=\"false\" name=\"investimento\"><option value=\"Menos de 200 mil\">Menos de 200 mil<\/option><option value=\"Entre 200 mil e 500 mil\">Entre 200 mil e 500 mil<\/option><option value=\"Entre 500 mil e 1 milh\u00e3o\">Entre 500 mil e 1 milh\u00e3o<\/option><option value=\"Mais de 1 milh\u00e3o\">Mais de 1 milh\u00e3o<\/option><\/select><\/span>\n<\/div>\n<div class=\"input-group\">  \n<label for=\"patrimonio\" class=\"form-section__label\">Patrim\u00f3nio l\u00edquido (\u20ac)<\/label>\n  <span class=\"wpcf7-form-control-wrap\" data-name=\"patrimonio\"><select class=\"wpcf7-form-control wpcf7-select wpcf7-validates-as-required form-input\" id=\"patrimonio\" aria-required=\"true\" aria-invalid=\"false\" name=\"patrimonio\"><option value=\"Menos de 1 milh\u00e3o\">Menos de 1 milh\u00e3o<\/option><option value=\"Entre 1 a 3 milh\u00f5es\">Entre 1 a 3 milh\u00f5es<\/option><option value=\"Entre 3 a 5 milh\u00f5es\">Entre 3 a 5 milh\u00f5es<\/option><option value=\"Mais de 5 milh\u00f5es\">Mais de 5 milh\u00f5es<\/option><\/select><\/span>\n<\/div>\n<div class=\"input-group\">  \n<label for=\"localizacao-preferida\" class=\"form-section__label\">Localiza\u00e7\u00e3o para a franquia<\/label>\n  <span class=\"wpcf7-form-control-wrap\" data-name=\"localizacao-preferida\"><select class=\"wpcf7-form-control wpcf7-select wpcf7-validates-as-required form-input\" id=\"localizacao-preferida\" aria-required=\"true\" aria-invalid=\"false\" name=\"localizacao-preferida\"><option value=\"Faro\">Faro<\/option><option value=\"Lisboa\">Lisboa<\/option><option value=\"Porto\">Porto<\/option><option value=\"Braga\">Braga<\/option><option value=\"Coimbra\">Coimbra<\/option><option value=\"\u00c9vora\">\u00c9vora<\/option><option value=\"Funchal\">Funchal<\/option><option value=\"Leiria\">Leiria<\/option><option value=\"Ponta Delgada\">Ponta Delgada<\/option><option value=\"Set\u00fabal\">Set\u00fabal<\/option><option value=\"Viseu\">Viseu<\/option><\/select><\/span>\n<\/div>\n<div class=\"input-group\">  \n<label for=\"contacto\" class=\"form-section__label\">M\u00e9todo de contacto<\/label>\n  <span class=\"wpcf7-form-control-wrap\" data-name=\"contacto\"><span class=\"wpcf7-form-control wpcf7-radio\" id=\"contacto\"><span class=\"wpcf7-list-item first\"><label><span class=\"wpcf7-list-item-label\">Telefone<\/span><input type=\"radio\" name=\"contacto\" value=\"Telefone\" checked=\"checked\" \/><\/label><\/span><span class=\"wpcf7-list-item last\"><label><span class=\"wpcf7-list-item-label\">Videochamada<\/span><input type=\"radio\" name=\"contacto\" value=\"Videochamada\" \/><\/label><\/span><\/span><\/span>\n<\/div>\n<div class=\"input-group\">\n<div id=\"cf7sr-69e38cab3676c\" class=\"cf7sr-g-hcaptcha\" data-theme=\"light\" data-size=\"normal\" data-sitekey=\"a67e31d8-b426-4bde-bf32-0610e0eec65a\"><\/div><span class=\"wpcf7-form-control-wrap cf7sr-hcaptcha\" data-name=\"cf7sr-hcaptcha\"><input type=\"hidden\" name=\"cf7sr-hcaptcha\" value=\"\" class=\"wpcf7-form-control\"><\/span> \n<\/div>\n<div class=\"input-group\">\n<input class=\"wpcf7-form-control wpcf7-submit has-spinner btn btn-primary\" type=\"submit\" value=\"Enviar\" \/>\n<\/div><div class=\"wpcf7-response-output\" aria-hidden=\"true\"><\/div>\n<\/form>\n<\/div>\n    <\/div>\n<\/div>\n\n<script>\nfunction openPopup() {\n    document.getElementById(\"popup1\").style.display = \"block\";\n}\n\nfunction closePopup() {\n    document.getElementById(\"popup1\").style.display = \"none\";\n}\n\tfunction handleCloseKeydown(event) {\n    if (event.key === 'Enter' || event.key === ' ') {\n        event.preventDefault();\n        closePopup();\n    }\n}\n<\/script>","protected":false},"excerpt":{"rendered":"","protected":false},"author":1,"featured_media":0,"parent":0,"menu_order":11,"comment_status":"closed","ping_status":"closed","template":"","meta":{"_acf_changed":false,"footnotes":""},"class_list":["post-2500","page","type-page","status-publish","hentry"],"acf":[],"_links":{"self":[{"href":"https:\/\/mail.burgerranch.com\/en\/wp-json\/wp\/v2\/pages\/2500","targetHints":{"allow":["GET"]}}],"collection":[{"href":"https:\/\/mail.burgerranch.com\/en\/wp-json\/wp\/v2\/pages"}],"about":[{"href":"https:\/\/mail.burgerranch.com\/en\/wp-json\/wp\/v2\/types\/page"}],"author":[{"embeddable":true,"href":"https:\/\/mail.burgerranch.com\/en\/wp-json\/wp\/v2\/users\/1"}],"replies":[{"embeddable":true,"href":"https:\/\/mail.burgerranch.com\/en\/wp-json\/wp\/v2\/comments?post=2500"}],"version-history":[{"count":3,"href":"https:\/\/mail.burgerranch.com\/en\/wp-json\/wp\/v2\/pages\/2500\/revisions"}],"predecessor-version":[{"id":2685,"href":"https:\/\/mail.burgerranch.com\/en\/wp-json\/wp\/v2\/pages\/2500\/revisions\/2685"}],"wp:attachment":[{"href":"https:\/\/mail.burgerranch.com\/en\/wp-json\/wp\/v2\/media?parent=2500"}],"curies":[{"name":"wp","href":"https:\/\/api.w.org\/{rel}","templated":true}]}}