{"id":2488,"date":"2024-06-04T10:30:08","date_gmt":"2024-06-04T10:30:08","guid":{"rendered":"https:\/\/beta.burgerranch.com\/home\/"},"modified":"2026-03-27T10:31:29","modified_gmt":"2026-03-27T10:31:29","slug":"home","status":"publish","type":"page","link":"https:\/\/mail.burgerranch.com\/en\/","title":{"rendered":"Home"},"content":{"rendered":"<!-- Hero Slider -->\n<section  class=\"hero-slider__body-section\">\n    <div class=\"hero-slider__container\">\n        <div class=\"hero-slider__swiper\">\n            <div class=\"hero-slider__main-wrapper swiper-wrapper\" style=\"display: flex;\">\n                                                <div class=\"hero-slider__main swiper-slide\" style=\"background-color: #FBBB21;\">\n                                        <div class=\"hero-slider__left-side\">\n                        <div class=\"hero-slider__main-wrapper text-center\">\n                                                        <h1 class=\"hero-slider__main-title text-4xl md:text-6xl font-work-sans font-extrabold uppercase\" style=\"color: #000000\">\n                                100% <span class=\"text-black\"><br>Portuguese Brand<\/span>                            <\/h1>\n                                                        <span class=\"hero-slider__main-subtitle text-xl mt-4 uppercase font-extrabold\" style=\"color: #000000\">\n                                Since 1993                            <\/span>\n                        <\/div>\n                                            <\/div>\n                    <div class=\"hero-slider__center\">\n                        <div class=\"hero-slider__right-side-img\">\n                            <img decoding=\"async\" class=\"hero-slider__img-bg\" src=\"https:\/\/mail.burgerranch.com\/wp-content\/uploads\/2024\/06\/logo-bg-background.png\" alt=\"Background\">\n                            <img decoding=\"async\" class=\"hero-slider__img\" src=\"https:\/\/mail.burgerranch.com\/wp-content\/uploads\/2024\/07\/hamburger-slide.png\" alt=\"Hamburger do M\u00eas\" \/>\n                        <\/div>\n                    <\/div>\n                <\/div>\n                                <div class=\"hero-slider__main swiper-slide\" style=\"background-color: #ffffff;\">\n                                        <div class=\"hero-slider__video-background\">\n                        <div class=\"hero-slider__video-background\">\n                            <video autoplay loop muted preload=\"auto\" poster=\"https:\/\/mail.burgerranch.com\/wp-content\/uploads\/2024\/07\/destaque-do-mes.jpg\" title=\"V\u00eddeo promocional do Burger Ranch\" aria-label=\"V\u00eddeo promocional com efeitos de fogo de fundo\">\n\t\t\t\t\t\t\t\t<source src=\"https:\/\/mail.burgerranch.com\/wp-content\/uploads\/2024\/07\/Fire-Frame-Loop-Effect-Burning-Background-With-Fire-9378451-bg.mp4\" type=\"video\/mp4\">\n\t\t\t\t\t\t\t\t\n\t\t\t\t\t\t\t\t<p>O seu navegador n\u00e3o suporta v\u00eddeos HTML5. \n\t\t\t\t\t\t\t<\/video>\n                        <\/div>\n                    <\/div>\n                    <div class=\"hero-slider__video-overlay\"><\/div>\n                                        <div class=\"hero-slider__left-side\">\n                        <div class=\"hero-slider__main-wrapper text-center hero-slider__with-video\">\n                                                        <h2 class=\"hero-slider__main-title text-4xl md:text-6xl font-work-sans font-extrabold uppercase\" style=\"color: #ffffff\">\n                                100% Portuguese Brand<br>                            <\/h2>\n                                                        <span class=\"hero-slider__main-subtitle text-xl mt-4 uppercase font-extrabold\" style=\"color: #ffffff\">\n                                The flavour that makes you feel at home.                            <\/span>\n                        <\/div>\n                                            <\/div>\n                    <div class=\"hero-slider__center\">\n                        <div class=\"hero-slider__right-side-img\">\n                            <img decoding=\"async\" class=\"hero-slider__img-bg\" src=\"https:\/\/mail.burgerranch.com\/wp-content\/uploads\/2024\/06\/logo-bg-background.png\" alt=\"Background\">\n                            <img decoding=\"async\" class=\"hero-slider__img\" src=\"https:\/\/mail.burgerranch.com\/wp-content\/uploads\/2025\/02\/BigRanch-not-bg.png\" alt=\"\" \/>\n                        <\/div>\n                    <\/div>\n                <\/div>\n                                            <\/div>\n        <\/div>\n        <div class=\"hero-slider__button-wrapper\">\n            <div class=\"hero-slider__swiper-button hero-slider__swiper-button hero-slider__swiper-prev-button\">\n                <svg xmlns=\"http:\/\/www.w3.org\/2000\/svg\" width=\"19\" height=\"17\" viewBox=\"0 0 19 17\" fill=\"none\">\n                    <path d=\"M1.142 9.83368C1.21975 9.8463 1.29842 9.85212 1.37714 9.8511L14.7813 9.8511L14.489 9.98704C14.2033 10.1223 13.9434 10.3063 13.7209 10.5308L9.96205 14.2897C9.467 14.7622 9.38382 15.5225 9.76493 16.0909C10.2085 16.6967 11.0591 16.8282 11.6649 16.3847C11.7139 16.3488 11.7604 16.3097 11.8041 16.2677L18.6013 9.47046C19.1325 8.93985 19.133 8.07911 18.6024 7.54791L18.6013 7.54685L11.8041 0.74965C11.2725 0.219511 10.4117 0.2207 9.88155 0.752326C9.83983 0.794171 9.80087 0.838693 9.76493 0.885594C9.38382 1.45405 9.467 2.21428 9.96205 2.68685L13.7141 6.4525C13.9136 6.65217 14.1429 6.81959 14.3938 6.9487L14.8017 7.13222L1.45195 7.13222C0.757493 7.10643 0.148209 7.59154 0.0177448 8.27415C-0.102438 9.01526 0.400895 9.71346 1.142 9.83368Z\" fill=\"black\" \/>\n                <\/svg>\n            <\/div>\n            <div class=\"hero-slider__swiper-button hero-slider__swiper-button hero-slider__swiper-next-button\">\n                <svg xmlns=\"http:\/\/www.w3.org\/2000\/svg\" width=\"19\" height=\"17\" viewBox=\"0 0 19 17\" fill=\"none\">\n                    <path d=\"M17.858 7.16632C17.7803 7.1537 17.7016 7.14788 17.6229 7.1489L4.21874 7.1489L4.51101 7.01296C4.79671 6.87773 5.05662 6.6937 5.2791 6.46918L9.03795 2.71033C9.533 2.23775 9.61618 1.47753 9.23507 0.90907C8.79151 0.303313 7.94088 0.171787 7.33508 0.615347C7.28614 0.651202 7.23962 0.690286 7.19591 0.732343L0.398709 7.52954C-0.132492 8.06015 -0.132959 8.92089 0.397647 9.45209L0.398709 9.45315L7.19591 16.2503C7.72754 16.7805 8.58827 16.7793 9.11845 16.2477C9.16017 16.2058 9.19913 16.1613 9.23507 16.1144C9.61618 15.5459 9.533 14.7857 9.03795 14.3131L5.2859 10.5475C5.08644 10.3478 4.85712 10.1804 4.60618 10.0513L4.19834 9.86778L17.548 9.86778C18.2425 9.89357 18.8518 9.40846 18.9823 8.72585C19.1024 7.98474 18.5991 7.28654 17.858 7.16632Z\" fill=\"black\" \/>\n                <\/svg>\n            <\/div>\n        <\/div>\n    <\/div>\n<\/section>\n\n<!-- Destaque do M\u00eas -->\n<section     class=\"image-and-text fav-month-section has-custom-acf-color section-image-and-text-highlight mx-auto grid max-w-2xl grid-cols-1 gap-y-4 md:gap-y-20 lg:mx-0 md:max-w-none md:grid-cols-2 items-center\"\n    style=\"background-color: #ffffff; color: #000000\">\n    <div class=\"relative jos\" data-jos_animation=\"fade-right\">\n        <div class=\"highlight-border image-container\" style=\"border-color: #FFC107\">\n                        <img fetchpriority=\"high\" src=\"https:\/\/mail.burgerranch.com\/wp-content\/uploads\/2026\/03\/2026_02_20_BANNER_1500X900_SITE_N_55_Chicken.jpg-3-1.jpeg\" alt=\"\"\n                srcset=\"https:\/\/mail.burgerranch.com\/wp-content\/uploads\/2026\/03\/2026_02_20_BANNER_1500X900_SITE_N_55_Chicken.jpg-3-1.jpeg 1500w, https:\/\/mail.burgerranch.com\/wp-content\/uploads\/2026\/03\/2026_02_20_BANNER_1500X900_SITE_N_55_Chicken.jpg-3-1-300x180.jpeg 300w, https:\/\/mail.burgerranch.com\/wp-content\/uploads\/2026\/03\/2026_02_20_BANNER_1500X900_SITE_N_55_Chicken.jpg-3-1-1024x614.jpeg 1024w, https:\/\/mail.burgerranch.com\/wp-content\/uploads\/2026\/03\/2026_02_20_BANNER_1500X900_SITE_N_55_Chicken.jpg-3-1-768x461.jpeg 768w\" sizes=\"(max-width: 767px) 50vw, (max-width: 992px) 60vw, 100vw\"\n                class=\"section-image-and-text-highlight__img\" loading=\"lazy\" decoding=\"async\">\n            \n        <\/div>\n        <div class=\"icon-button section-tag flex bg-white\">\n                        <img decoding=\"async\" src=\"https:\/\/mail.burgerranch.com\/wp-content\/uploads\/2024\/06\/star-icon.png\" alt=\"Star Icon\"\n                class=\"w-4 h-4 mr-2\">\n                        <span class=\"text-sm font-semibold\">FAVOURITE OF THE MONTH<\/span>\n        <\/div>\n    <\/div>\n    <div class=\"w-full mx-auto xl:mx-0 flex flex-col xl:items-start xl:justify-start p-4 text-center md:text-left lg:pl-20 jos\"\n        data-jos_animation=\"fade-left\">\n        <h2\n            class=\"text-4xl font-workSans font-extrabold uppercase lg:5xl xl:text-[55px] xl:mb-4 leading-none\">\n            N\u00ba55 Chicken has arrived!        <\/h2>\n        <p class=\"mt-4 lg:w-2\/3 font-normal\">\n            The N\u00ba55 Chicken Burger with chicken strips is here, but it\u2019s a limited edition! There are four amazing burgers on our toasted potato bun: Spicy, Cheese &amp; Spicy, Pickles, and Cheese &amp; Pickles. Come on, give them a try before they sell out!        <\/p>\n    <\/div>\n<\/section>\n\n<!-- App Section -->\n<section      class=\"image-and-text-reverse flex max-sm:!flex-col-reverse flex-col max-sm:gap-4 md:flex-row items-center section-image-and-text-app\"\n    style=\"background-color: #ffffff; color: #000000\">\n    <div\n        class=\"md:w-1\/2 w-full p-4 container text-center md:text-right lg:pr-20 lg:pl-4\">\n        <div\n            class=\"w-full mx-auto max-sm:px-8 lg:mx-0 flex flex-col lg:items-end lg:justify-end jos\" data-jos_animation=\"fade-left\"\">\n            <h2 class=\"text-4xl font-workSans font-extrabold uppercase xl:text-[55px] xl:mb-4 lg:max-w-[66%] leading-none\">\n                Our APP            <\/h2>\n            <p class=\"mt-4 lg:w-2\/3 font-normal\"> With our app, you&#8217;ll always be up to date with the latest news, find the Burger Ranch restaurants closest to you, receive vouchers to exchange for products and enjoy exclusive offers. Don&#8217;t waste any more time, download it now and enjoy all these advantages in the palm of your hand!<\/p>\n        <\/div>\n        <div class=\"flex flex-row gap-8 mt-8 justify-center lg:justify-end jos\" data-jos_animation=\"fade-right\">\n                        <a href=\" https:\/\/apps.apple.com\/pt\/app\/burger-ranch\/id1211694923\" class=\"flex justify-center lg:justify-end group w-max\">\n                        <img decoding=\"async\" src=\"https:\/\/mail.burgerranch.com\/wp-content\/uploads\/2024\/07\/app-store-btn.svg\"\n                alt=\"Link app burger ranch na app store\" class=\"w-full h-12\">\n                        <\/a>\n                                    <a href=\"https:\/\/play.google.com\/store\/apps\/details?id=com.linkya.burgerranch&#038;pli=1\" class=\"flex justify-center lg:justify-end group w-max\" target=\"_blank\" rel=\"noopener\">\n                                <img decoding=\"async\" src=\"https:\/\/mail.burgerranch.com\/wp-content\/uploads\/2024\/07\/google-play-btn.svg\"\n                    alt=\"Link app burger ranch no google play\" class=\"w-full h-12\">\n                            <\/a>\n                    <\/div>\n    <\/div>\n    <div class=\"md:w-1\/2 w-full relative-container mt-8 md:mt-0\">\n        <div class=\"w-full image-container\">\n                        <!-- Renderiza\u00e7\u00e3o da Imagem -->\n            <img decoding=\"async\" src=\"https:\/\/mail.burgerranch.com\/wp-content\/uploads\/2024\/07\/pessoa-segurando-telemovel-app-burger.png\" alt=\"Pessoa segurando o telem\u00f3vel com a aplica\u00e7\u00e3o do Burger Ranch aberta\"\n                class=\"section-image-and-text-app__img\">\n                    <\/div>\n    <\/div>\n<\/section>\n\n<!-- App Section -->\n<section             id=\"new-store\"\n     class=\"image-and-text-reverse flex max-sm:!flex-col-reverse flex-col max-sm:gap-4 md:flex-row items-center md:flex-row-reverse section-image-and-text-app\"\n    style=\"background-color: #ffffff; color: #000000\">\n    <div\n        class=\"md:w-1\/2 w-full p-4 container text-center md:text-left lg:pl-20 lg:pr-4\">\n        <div\n            class=\"w-full mx-auto max-sm:px-8 lg:mx-0 flex flex-col lg:items-start lg:justify-start jos\" data-jos_animation=\"fade-right\"\">\n            <h2 class=\"text-4xl font-workSans font-extrabold uppercase xl:text-[55px] xl:mb-4 lg:max-w-[66%] leading-none\">\n                New Store in Sintra!            <\/h2>\n            <p class=\"mt-4 lg:w-2\/3 font-normal\"> The countdown is over! Portugal&#8217;s best burger has arrived in Sintra. Get ready to tuck in: we&#8217;re opening our doors to welcome you with the 100% Portuguese flavour of Burger Ranch. Visit us at <a href=\"https:\/\/maps.app.goo.gl\/G73apGCAk7SXg9RVA\" class=\"font-bold\" target=\"_blank\" rel=\"noopener\">Rua Rosa Maria Lobato de Faria, no. 15, in Abrunheira, Sintra<\/a>.<\/p>\n        <\/div>\n        <div class=\"flex flex-row gap-8 mt-8 justify-center lg:justify-start jos\" data-jos_animation=\"fade-left\">\n                                <\/div>\n    <\/div>\n    <div class=\"md:w-1\/2 w-full relative-container mt-8 md:mt-0\">\n        <div class=\"w-full image-container\">\n                        <!-- Renderiza\u00e7\u00e3o da Imagem -->\n            <img decoding=\"async\" src=\"https:\/\/mail.burgerranch.com\/wp-content\/uploads\/2025\/09\/novo-burger-ranch-abrunheira-sintra.jpg\" alt=\"Banner Nova loja em Sintra\"\n                class=\"section-image-and-text-app__img\">\n                    <\/div>\n    <\/div>\n<\/section>\n\n<!-- Banner Section -->\n<section class=\"relative overflow-hidden py-36\">\n    <div class=\"container mx-auto\">\n        <div class=\"swiper-container swiper-categories-slider\">\n            <div class=\"jos\" data-animation=\"fade-up\">\n                <div class=\"slider-categories-title_section text-center\">\n                    <span\n                        class=\"text-2xl xl:text-3xl font-workSans font-extrabold text-primary-700 mb-4\">Feeling hungry?<\/span>\n                    <h2 class=\"text-4xl font-extrabold uppercase lg:5xl xl:text-[55px] xl:mt-4\">\n                        OUR MENU                    <\/h2>\n                <\/div>\n            <\/div> <!-- Additional required wrapper -->\n            <div class=\"swiper-wrapper\">\n                                                <div class=\"swiper-slide mx-auto\">\n                    <img decoding=\"async\" src=\"https:\/\/mail.burgerranch.com\/wp-content\/uploads\/2024\/07\/menu-cat-sobremesas.webp\"\n                        alt=\"Sundaes de morango, caramelo e chocolate com fundo cinza\">\n                    <div class=\"caption relative\">\n                        <a href=\"https:\/\/www.burgerranch.com\/menu\/#sobremesas\" target=\"_self\" rel=\"noopener noreferrer\" class=\"btn btn-primary font-extrabold\">DESSERTS<\/a>\n                    <\/div>\n                <\/div>\n                                <div class=\"swiper-slide mx-auto\">\n                    <img decoding=\"async\" src=\"https:\/\/mail.burgerranch.com\/wp-content\/uploads\/2024\/07\/menu-cat-burgers.webp\"\n                        alt=\"Hamburger de queijo com fundo cinza\">\n                    <div class=\"caption relative\">\n                        <a href=\"https:\/\/www.burgerranch.com\/menu\/#burgers\" target=\"_self\" rel=\"noopener noreferrer\" class=\"btn btn-primary font-extrabold\">BURGERS<\/a>\n                    <\/div>\n                <\/div>\n                                <div class=\"swiper-slide mx-auto\">\n                    <img decoding=\"async\" src=\"https:\/\/mail.burgerranch.com\/wp-content\/uploads\/2024\/07\/menu-cat-acompanhamentos.webp\"\n                        alt=\"Aros de cebola com fundo cinza\">\n                    <div class=\"caption relative\">\n                        <a href=\"https:\/\/www.burgerranch.com\/menu\/#acompanhamentos\" target=\"_self\" rel=\"noopener noreferrer\" class=\"btn btn-primary font-extrabold\">ACCOMPANIMENTS<\/a>\n                    <\/div>\n                <\/div>\n                                <div class=\"swiper-slide mx-auto\">\n                    <img decoding=\"async\" src=\"https:\/\/mail.burgerranch.com\/wp-content\/uploads\/2024\/07\/menu-cat-sobremesas.webp\"\n                        alt=\"Sundaes de morango, caramelo e chocolate com fundo cinza\">\n                    <div class=\"caption relative\">\n                        <a href=\"https:\/\/www.burgerranch.com\/menu\/#sobremesas\" target=\"_self\" rel=\"noopener noreferrer\" class=\"btn btn-primary font-extrabold\">DESSERTS<\/a>\n                    <\/div>\n                <\/div>\n                                <div class=\"swiper-slide mx-auto\">\n                    <img decoding=\"async\" src=\"https:\/\/mail.burgerranch.com\/wp-content\/uploads\/2024\/07\/menu-cat-burgers.webp\"\n                        alt=\"Hamburger de queijo com fundo cinza\">\n                    <div class=\"caption relative\">\n                        <a href=\"https:\/\/www.burgerranch.com.pt\/menu\/#burgers\" target=\"_self\" rel=\"noopener noreferrer\" class=\"btn btn-primary font-extrabold\">BURGERS<\/a>\n                    <\/div>\n                <\/div>\n                                <div class=\"swiper-slide mx-auto\">\n                    <img decoding=\"async\" src=\"https:\/\/mail.burgerranch.com\/wp-content\/uploads\/2024\/07\/menu-cat-acompanhamentos.webp\"\n                        alt=\"Aros de cebola com fundo cinza\">\n                    <div class=\"caption relative\">\n                        <a href=\"https:\/\/www.burgerranch.com\/menu\/#acompanhamentos\" target=\"_self\" rel=\"noopener noreferrer\" class=\"btn btn-primary font-extrabold\">ACCOMPANIMENTS<\/a>\n                    <\/div>\n                <\/div>\n                                            <\/div>\n            <div class=\"swiper-buttons-slider-categories\">\n                <!-- If we need navigation buttons -->\n                <div class=\"swiper-button-slider-categories swiper-button-next\">\n                    <svg xmlns=\"http:\/\/www.w3.org\/2000\/svg\" width=\"19\" height=\"17\" viewBox=\"0 0 19 17\" fill=\"none\">\n                        <path\n                            d=\"M1.142 9.83368C1.21975 9.8463 1.29842 9.85212 1.37714 9.8511L14.7813 9.8511L14.489 9.98704C14.2033 10.1223 13.9434 10.3063 13.7209 10.5308L9.96205 14.2897C9.467 14.7622 9.38382 15.5225 9.76493 16.0909C10.2085 16.6967 11.0591 16.8282 11.6649 16.3847C11.7139 16.3488 11.7604 16.3097 11.8041 16.2677L18.6013 9.47046C19.1325 8.93985 19.133 8.07911 18.6024 7.54791L18.6013 7.54685L11.8041 0.74965C11.2725 0.219511 10.4117 0.2207 9.88155 0.752326C9.83983 0.794171 9.80087 0.838693 9.76493 0.885594C9.38382 1.45405 9.467 2.21428 9.96205 2.68685L13.7141 6.4525C13.9136 6.65217 14.1429 6.81959 14.3938 6.9487L14.8017 7.13222L1.45195 7.13222C0.757493 7.10643 0.148209 7.59154 0.0177448 8.27415C-0.102438 9.01526 0.400895 9.71346 1.142 9.83368Z\"\n                            fill=\"black\" \/>\n                    <\/svg>\n                <\/div>\n\n                <div class=\"swiper-button-slider-categories swiper-button-prev\">\n                    <svg xmlns=\"http:\/\/www.w3.org\/2000\/svg\" width=\"19\" height=\"17\" viewBox=\"0 0 19 17\" fill=\"none\">\n                        <path\n                            d=\"M1.142 9.83368C1.21975 9.8463 1.29842 9.85212 1.37714 9.8511L14.7813 9.8511L14.489 9.98704C14.2033 10.1223 13.9434 10.3063 13.7209 10.5308L9.96205 14.2897C9.467 14.7622 9.38382 15.5225 9.76493 16.0909C10.2085 16.6967 11.0591 16.8282 11.6649 16.3847C11.7139 16.3488 11.7604 16.3097 11.8041 16.2677L18.6013 9.47046C19.1325 8.93985 19.133 8.07911 18.6024 7.54791L18.6013 7.54685L11.8041 0.74965C11.2725 0.219511 10.4117 0.2207 9.88155 0.752326C9.83983 0.794171 9.80087 0.838693 9.76493 0.885594C9.38382 1.45405 9.467 2.21428 9.96205 2.68685L13.7141 6.4525C13.9136 6.65217 14.1429 6.81959 14.3938 6.9487L14.8017 7.13222L1.45195 7.13222C0.757493 7.10643 0.148209 7.59154 0.0177448 8.27415C-0.102438 9.01526 0.400895 9.71346 1.142 9.83368Z\"\n                            fill=\"black\" \/>\n                    <\/svg>\n                <\/div>\n            <\/div>\n        <\/div>\n    <\/div>\n<\/section>\n\n<!-- CTA Section -->\n<section  class=\"cta-section flex flex-col lg:flex-row items-center\" style=\"background-color: #e30613; color: #000000\">\n    <div class=\"lg:w-1\/2 w-full relative-container mt-0 lg:mt-0 image-container\">\n\n        <img loading=\"lazy\" decoding=\"async\" width=\"1127\" height=\"630\" src=\"https:\/\/mail.burgerranch.com\/wp-content\/uploads\/2024\/07\/colaboradora-entregando-lanche-burger-ranch.png\" class=\"w-full h-[50vh] object-cover\" alt=\"Colaboradora do Burger Rnach entregando o pedido ao cliente\" srcset=\"https:\/\/mail.burgerranch.com\/wp-content\/uploads\/2024\/07\/colaboradora-entregando-lanche-burger-ranch.png 1127w, https:\/\/mail.burgerranch.com\/wp-content\/uploads\/2024\/07\/colaboradora-entregando-lanche-burger-ranch-300x168.png 300w, https:\/\/mail.burgerranch.com\/wp-content\/uploads\/2024\/07\/colaboradora-entregando-lanche-burger-ranch-1024x572.png 1024w, https:\/\/mail.burgerranch.com\/wp-content\/uploads\/2024\/07\/colaboradora-entregando-lanche-burger-ranch-768x429.png 768w\" sizes=\"auto, (max-width: 1127px) 100vw, 1127px\" \/>    \n    <\/div>\n    <div class=\"md:w-1\/2 w-full py-14 lg:p-4 text-center lg:text-left lg:pl-20\">\n        <span class=\"text-2xl xl:text-3xl font-work-sans font-extrabold mb-2\" style=\"color: #ffffff\">We are hiring<\/span>\n        <h2 class=\"text-4xl xl:text-5xl font-extrabold font-['Work Sans'] leading-14 mb-10\">\n            <span class=\"text-white\">THE RECIPE FOR<\/span><br> YOUR JOB.        <\/h2>\n                <a class=\"btn btn-white btn-outline btn-lg\" href=\"https:\/\/www.burgerranch.com\/en\/recruitment\/\" target=\"_self\" rel=\"noopener\">LEARN MORE<\/a>\n            <\/div>\n<\/section>","protected":false},"excerpt":{"rendered":"","protected":false},"author":1,"featured_media":0,"parent":0,"menu_order":1,"comment_status":"closed","ping_status":"open","template":"","meta":{"_acf_changed":false,"footnotes":""},"class_list":["post-2488","page","type-page","status-publish","hentry"],"acf":[],"_links":{"self":[{"href":"https:\/\/mail.burgerranch.com\/en\/wp-json\/wp\/v2\/pages\/2488","targetHints":{"allow":["GET"]}}],"collection":[{"href":"https:\/\/mail.burgerranch.com\/en\/wp-json\/wp\/v2\/pages"}],"about":[{"href":"https:\/\/mail.burgerranch.com\/en\/wp-json\/wp\/v2\/types\/page"}],"author":[{"embeddable":true,"href":"https:\/\/mail.burgerranch.com\/en\/wp-json\/wp\/v2\/users\/1"}],"replies":[{"embeddable":true,"href":"https:\/\/mail.burgerranch.com\/en\/wp-json\/wp\/v2\/comments?post=2488"}],"version-history":[{"count":20,"href":"https:\/\/mail.burgerranch.com\/en\/wp-json\/wp\/v2\/pages\/2488\/revisions"}],"predecessor-version":[{"id":3435,"href":"https:\/\/mail.burgerranch.com\/en\/wp-json\/wp\/v2\/pages\/2488\/revisions\/3435"}],"wp:attachment":[{"href":"https:\/\/mail.burgerranch.com\/en\/wp-json\/wp\/v2\/media?parent=2488"}],"curies":[{"name":"wp","href":"https:\/\/api.w.org\/{rel}","templated":true}]}}